{"id":7378,"date":"2025-02-05T17:48:53","date_gmt":"2025-02-05T17:48:53","guid":{"rendered":"https:\/\/themexriver.com\/wp\/lawfy\/?page_id=22"},"modified":"2025-12-31T00:48:52","modified_gmt":"2025-12-31T00:48:52","slug":"trabaja","status":"publish","type":"page","link":"https:\/\/www.garciahamilton.com.ar\/en\/trabaja\/","title":{"rendered":"Working at GH"},"content":{"rendered":"<div data-elementor-type=\"wp-page\" data-elementor-id=\"7378\" class=\"elementor elementor-7378\">\n\t\t\t\t<div class=\"elementor-element elementor-element-139e77c e-flex e-con-boxed e-con e-parent\" data-id=\"139e77c\" data-element_type=\"container\">\n\t\t\t\t\t<div class=\"e-con-inner\">\n\t\t\t\t<div class=\"elementor-element elementor-element-81c4f5c elementor-widget elementor-widget-heading\" data-id=\"81c4f5c\" data-element_type=\"widget\" data-widget_type=\"heading.default\">\n\t\t\t\t\t<h2 class=\"elementor-heading-title elementor-size-default\">Work With Us<\/h2>\t\t\t\t<\/div>\n\t\t\t\t<div class=\"elementor-element elementor-element-24211c5 elementor-widget elementor-widget-text-editor\" data-id=\"24211c5\" data-element_type=\"widget\" data-widget_type=\"text-editor.default\">\n\t\t\t\t\t\t\t\t\t<p class=\"translation-block\">Tradition that guides the future. Opportunities that challenge the present.<br> At Garcia Hamilton, we offer a professional environment focused on the comprehensive development of our attorneys, based on technical rigor, ethical soundness, and high-level legal practice. <br>Our firm is distinguished by its advice on complex and strategic matters that require in-depth analysis, commercial vision, and the ability to anticipate risks. Joining our team means becoming part of a structure that values merit, dedication, and critical thinking. <br>We foster a culture of collaboration, a relaxed and enjoyable atmosphere, constant learning, and professional responsibility from the beginning of your career. Each member plays an active role in building solid legal solutions that have a real impact on the lives and development of our clients.<\/p>\t\t\t\t\t\t\t\t<\/div>\n\t\t\t\t\t<\/div>\n\t\t\t\t<\/div>\n\t\t<div class=\"elementor-element elementor-element-c9ddb3a e-flex e-con-boxed e-con e-parent\" data-id=\"c9ddb3a\" data-element_type=\"container\">\n\t\t\t\t\t<div class=\"e-con-inner\">\n\t\t<div class=\"elementor-element elementor-element-4c1204a e-con-full e-flex e-con e-child\" data-id=\"4c1204a\" data-element_type=\"container\">\n\t\t<div class=\"elementor-element elementor-element-e6531fa e-con-full e-flex elementor-invisible e-con e-child\" data-id=\"e6531fa\" data-element_type=\"container\" data-settings=\"{&quot;animation&quot;:&quot;fadeInUp&quot;}\">\n\t\t\t\t<div class=\"elementor-element elementor-element-0cb2535 elementor-widget elementor-widget-tx_heading elh-el tx_heading\" data-id=\"0cb2535\" data-element_type=\"widget\" data-settings=\"{&quot;design_style&quot;:&quot;style_4&quot;}\" data-widget_type=\"tx_heading.default\">\n\t\t\t\t<div class=\"elementor-widget-container\">\n\t\t\t\t\t<div class=\"tx-heading-section lw-features-1-wrap position-relative\">\r\n        <h6 class=\"lw-subtitle-3 lw-split-4 tx-subTitle\">\r\n            <\/h6>\r\n        <h2 class=\"tx-title lw-sec-title-1 lw-split-4\">We offer:<\/h2>        <p class=\"lw-p-1 sec-disc wa-fadeInUp tx-description\">\r\n            <\/p>\r\n    <\/div>\t\t\t\t<\/div>\n\t\t\t\t<\/div>\n\t\t\t\t<div class=\"elementor-element elementor-element-b1d7491 elementor-widget elementor-widget-tx_info_text elh-el tx_info_text\" data-id=\"b1d7491\" data-element_type=\"widget\" data-settings=\"{&quot;design_style&quot;:&quot;style_1&quot;}\" data-widget_type=\"tx_info_text.default\">\n\t\t\t\t<div class=\"elementor-widget-container\">\n\t\t\t\t\t<div class=\"lw-blog-1-sec-title\">\r\n        <p class=\"lw-p-1 disc\"><ul>\n<li>Direct participation in relevant cases and transactions.<\/li>\n<li>Continuing education, both internal and external, with a focus on professional development.<\/li>\n<li>Support from partners and seniors with local and international experience.<\/li>\n<li>A relaxed professional environment but committed to excellence.<\/li>\n<li>Path to growth within the studio with long-term projection.<\/li>\n<\/ul>\n<\/p>\r\n    \r\n    <a href=\"#\"\r\n    target=\"_self\"\r\n    rel=\"\"\r\n    aria-label=\"Real Estate &amp; Infrastructure Projects\"\r\n    class=\"lw-blog-1-all-btn lw-h-1\">\r\n                    <\/a>\r\n<\/div>\t\t\t\t<\/div>\n\t\t\t\t<\/div>\n\t\t\t\t<\/div>\n\t\t\t\t<\/div>\n\t\t<div class=\"elementor-element elementor-element-add1ef5 e-con-full e-flex e-con e-child\" data-id=\"add1ef5\" data-element_type=\"container\">\n\t\t<div class=\"elementor-element elementor-element-c42e5c7 e-con-full e-flex elementor-invisible e-con e-child\" data-id=\"c42e5c7\" data-element_type=\"container\" data-settings=\"{&quot;animation&quot;:&quot;fadeInUp&quot;}\">\n\t\t\t\t<div class=\"elementor-element elementor-element-e316325 elementor-widget elementor-widget-image\" data-id=\"e316325\" data-element_type=\"widget\" data-widget_type=\"image.default\">\n\t\t\t\t\t\t\t\t\t\t\t\t\t\t\t<img fetchpriority=\"high\" decoding=\"async\" width=\"640\" height=\"496\" src=\"https:\/\/www.garciahamilton.com.ar\/wp-content\/uploads\/2025\/09\/IMG_5047-1024x793.jpg\" class=\"attachment-large size-large wp-image-7660\" alt=\"\" srcset=\"https:\/\/www.garciahamilton.com.ar\/wp-content\/uploads\/2025\/09\/IMG_5047-1024x793.jpg 1024w, https:\/\/www.garciahamilton.com.ar\/wp-content\/uploads\/2025\/09\/IMG_5047-300x232.jpg 300w, https:\/\/www.garciahamilton.com.ar\/wp-content\/uploads\/2025\/09\/IMG_5047-768x595.jpg 768w, https:\/\/www.garciahamilton.com.ar\/wp-content\/uploads\/2025\/09\/IMG_5047-1536x1190.jpg 1536w, https:\/\/www.garciahamilton.com.ar\/wp-content\/uploads\/2025\/09\/IMG_5047-2048x1587.jpg 2048w, https:\/\/www.garciahamilton.com.ar\/wp-content\/uploads\/2025\/09\/IMG_5047-600x465.jpg 600w\" sizes=\"(max-width: 640px) 100vw, 640px\" \/>\t\t\t\t\t\t\t\t\t\t\t\t\t\t\t<\/div>\n\t\t\t\t<\/div>\n\t\t\t\t<\/div>\n\t\t\t\t\t<\/div>\n\t\t\t\t<\/div>\n\t\t<div class=\"elementor-element elementor-element-21f9b50 e-flex e-con-boxed e-con e-parent\" data-id=\"21f9b50\" data-element_type=\"container\">\n\t\t\t\t\t<div class=\"e-con-inner\">\n\t\t<div class=\"elementor-element elementor-element-8f93bd0 e-con-full e-flex e-con e-child\" data-id=\"8f93bd0\" data-element_type=\"container\">\n\t\t<div class=\"elementor-element elementor-element-b5ffe63 e-con-full e-flex elementor-invisible e-con e-child\" data-id=\"b5ffe63\" data-element_type=\"container\" data-settings=\"{&quot;animation&quot;:&quot;fadeInUp&quot;}\">\n\t\t\t\t<div class=\"elementor-element elementor-element-6ecee4a elementor-widget elementor-widget-tx_image_box elh-el tx_image_box\" data-id=\"6ecee4a\" data-element_type=\"widget\" data-settings=\"{&quot;design_style&quot;:&quot;style_4&quot;,&quot;image_1&quot;:{&quot;url&quot;:&quot;https:\\\/\\\/www.garciahamilton.com.ar\\\/wp-content\\\/uploads\\\/2025\\\/09\\\/IMG_5039-scaled.jpg&quot;,&quot;id&quot;:8448,&quot;size&quot;:&quot;&quot;,&quot;alt&quot;:&quot;&quot;,&quot;source&quot;:&quot;library&quot;}}\" data-widget_type=\"tx_image_box.default\">\n\t\t\t\t<div class=\"elementor-widget-container\">\n\t\t\t\t\t<div class=\"pf-services-details-gallery\">\r\n<div class=\"gallery-img wa-fix wa-img-cover\">\r\n    <img decoding=\"async\"\r\n    src=\"https:\/\/www.garciahamilton.com.ar\/wp-content\/uploads\/2025\/09\/IMG_5039-scaled.jpg\"\r\n    alt=\"IMG_5039\">\r\n    <\/div>\r\n<\/div>\t\t\t\t<\/div>\n\t\t\t\t<\/div>\n\t\t\t\t<\/div>\n\t\t\t\t<\/div>\n\t\t<div class=\"elementor-element elementor-element-601eef7 e-con-full e-flex e-con e-child\" data-id=\"601eef7\" data-element_type=\"container\">\n\t\t<div class=\"elementor-element elementor-element-399a586 e-con-full e-flex e-con e-child\" data-id=\"399a586\" data-element_type=\"container\">\n\t\t\t\t<div class=\"elementor-element elementor-element-e7024a6 elementor-widget elementor-widget-text-editor\" data-id=\"e7024a6\" data-element_type=\"widget\" data-widget_type=\"text-editor.default\">\n\t\t\t\t\t\t\t\t\t<p>We are looking for profiles that combine analytical skills, commitment, and a passion for the law. If you share our values and aspire to a legal practice where you can truly thrive, we invite you to apply.<\/p><p><a href=\"mailto:carreras@garciahamilton.com\"><strong>Send your CV<\/strong><\/a><\/p>\t\t\t\t\t\t\t\t<\/div>\n\t\t\t\t<\/div>\n\t\t\t\t<\/div>\n\t\t\t\t\t<\/div>\n\t\t\t\t<\/div>\n\t\t\t\t<\/div>","protected":false},"excerpt":{"rendered":"<p>Trabaj\u00e1 con nosotros Tradici\u00f3n que orienta el futuro. Oportunidades que desaf\u00edan el presente.En Garcia Hamilton ofrecemos un entorno profesional orientado al desarrollo integral de nuestros abogados, basado en el rigor t\u00e9cnico, la solidez \u00e9tica y una pr\u00e1ctica jur\u00eddica de alto nivel.Nuestra firma se distingue por el asesoramiento en asuntos complejos y estrat\u00e9gicos, que requieren an\u00e1lisis [&hellip;]<\/p>","protected":false},"author":2,"featured_media":0,"parent":0,"menu_order":0,"comment_status":"closed","ping_status":"closed","template":"elementor_header_footer","meta":{"inline_featured_image":false,"footnotes":""},"class_list":["post-7378","page","type-page","status-publish","hentry"],"_links":{"self":[{"href":"https:\/\/www.garciahamilton.com.ar\/en\/wp-json\/wp\/v2\/pages\/7378","targetHints":{"allow":["GET"]}}],"collection":[{"href":"https:\/\/www.garciahamilton.com.ar\/en\/wp-json\/wp\/v2\/pages"}],"about":[{"href":"https:\/\/www.garciahamilton.com.ar\/en\/wp-json\/wp\/v2\/types\/page"}],"author":[{"embeddable":true,"href":"https:\/\/www.garciahamilton.com.ar\/en\/wp-json\/wp\/v2\/users\/2"}],"replies":[{"embeddable":true,"href":"https:\/\/www.garciahamilton.com.ar\/en\/wp-json\/wp\/v2\/comments?post=7378"}],"version-history":[{"count":74,"href":"https:\/\/www.garciahamilton.com.ar\/en\/wp-json\/wp\/v2\/pages\/7378\/revisions"}],"predecessor-version":[{"id":9072,"href":"https:\/\/www.garciahamilton.com.ar\/en\/wp-json\/wp\/v2\/pages\/7378\/revisions\/9072"}],"wp:attachment":[{"href":"https:\/\/www.garciahamilton.com.ar\/en\/wp-json\/wp\/v2\/media?parent=7378"}],"curies":[{"name":"wp","href":"https:\/\/api.w.org\/{rel}","templated":true}]}}