{"id":7384,"date":"2025-02-05T17:50:19","date_gmt":"2025-02-05T17:50:19","guid":{"rendered":"https:\/\/themexriver.com\/wp\/lawfy\/?page_id=34"},"modified":"2025-12-31T00:46:37","modified_gmt":"2025-12-31T00:46:37","slug":"historia","status":"publish","type":"page","link":"https:\/\/www.garciahamilton.com.ar\/en\/historia\/","title":{"rendered":"Historia"},"content":{"rendered":"<div data-elementor-type=\"wp-page\" data-elementor-id=\"7384\" class=\"elementor elementor-7384\">\n\t\t\t\t\t\t<section class=\"elementor-section elementor-top-section elementor-element elementor-element-bf1724c elementor-section-full_width elementor-section-height-default elementor-section-height-default\" data-id=\"bf1724c\" data-element_type=\"section\" data-settings=\"{&quot;background_background&quot;:&quot;classic&quot;}\">\n\t\t\t\t\t\t\t<div class=\"elementor-background-overlay\"><\/div>\n\t\t\t\t\t\t\t<div class=\"elementor-container elementor-column-gap-default\">\n\t\t\t\t\t<div class=\"elementor-column elementor-col-100 elementor-top-column elementor-element elementor-element-cf8d64f\" data-id=\"cf8d64f\" data-element_type=\"column\">\n\t\t\t<div class=\"elementor-widget-wrap elementor-element-populated\">\n\t\t\t\t\t\t<section class=\"elementor-section elementor-inner-section elementor-element elementor-element-147c500 elementor-section-boxed elementor-section-height-default elementor-section-height-default\" data-id=\"147c500\" data-element_type=\"section\">\n\t\t\t\t\t\t<div class=\"elementor-container elementor-column-gap-default\">\n\t\t\t\t\t<div class=\"elementor-column elementor-col-100 elementor-inner-column elementor-element elementor-element-643b354\" data-id=\"643b354\" data-element_type=\"column\">\n\t\t\t<div class=\"elementor-widget-wrap elementor-element-populated\">\n\t\t\t\t\t\t<div class=\"elementor-element elementor-element-7c6d341 elementor-widget elementor-widget-tx_heading elh-el tx_heading\" data-id=\"7c6d341\" data-element_type=\"widget\" data-settings=\"{&quot;design_style&quot;:&quot;style_1&quot;}\" data-widget_type=\"tx_heading.default\">\n\t\t\t\t<div class=\"elementor-widget-container\">\n\t\t\t\t\t<div class=\"tx-heading-section lw-features-1-wrap position-relative text-center\">\r\n        <h2 class=\"lw-sec-big-title tx-big-title lw-split-1 w-100\"><\/h2>\r\n    \r\n        <h6 class=\"lw-subtitle-1 tx-subTitle\">\r\n        \r\n            <\/h6>\r\n        <h4 class=\"tx-title lw-sec-title-1 lw-split-2\">History of the law firm<\/h4>\r\n    <\/div>\t\t\t\t<\/div>\n\t\t\t\t<\/div>\n\t\t\t\t\t<\/div>\n\t\t<\/div>\n\t\t\t\t\t<\/div>\n\t\t<\/section>\n\t\t\t\t\t<\/div>\n\t\t<\/div>\n\t\t\t\t\t<\/div>\n\t\t<\/section>\n\t\t<div class=\"elementor-element elementor-element-bf909e0 e-flex e-con-boxed e-con e-parent\" data-id=\"bf909e0\" data-element_type=\"container\">\n\t\t\t\t\t<div class=\"e-con-inner\">\n\t\t<div class=\"elementor-element elementor-element-e8f2c8b e-con-full e-flex e-con e-child\" data-id=\"e8f2c8b\" data-element_type=\"container\">\n\t\t\t\t<div class=\"elementor-element elementor-element-6885772 elementor-hidden-desktop elementor-widget elementor-widget-heading\" data-id=\"6885772\" data-element_type=\"widget\" data-widget_type=\"heading.default\">\n\t\t\t\t\t<h2 class=\"elementor-heading-title elementor-size-default\">Academic origins, professional projection<\/h2>\t\t\t\t<\/div>\n\t\t\t\t<div class=\"elementor-element elementor-element-d99e8df elementor-hidden-desktop elementor-widget elementor-widget-text-editor\" data-id=\"d99e8df\" data-element_type=\"widget\" data-widget_type=\"text-editor.default\">\n\t\t\t\t\t\t\t\t\t<p>Garc\u00eda Hamilton Abogados was born from the alliance of two highly regarded jurists: Jos\u00e9 Ignacio Garc\u00eda Hamilton and Salvador Mar\u00eda Lozada. From the outset, the firm combined professional practice with academic thought, fostering a legal culture that prioritizes rigorous analysis, client focus, and institutional sensitivity.<\/p>\t\t\t\t\t\t\t\t<\/div>\n\t\t\t\t<div class=\"elementor-element elementor-element-8bbd7e7 elementor-hidden-desktop elementor-widget elementor-widget-image\" data-id=\"8bbd7e7\" data-element_type=\"widget\" data-widget_type=\"image.default\">\n\t\t\t\t\t\t\t\t\t\t\t\t\t\t\t<img fetchpriority=\"high\" decoding=\"async\" width=\"1707\" height=\"2560\" src=\"https:\/\/www.garciahamilton.com.ar\/wp-content\/uploads\/2025\/09\/IMG_4996-scaled.jpg\" class=\"attachment-full size-full wp-image-7657\" alt=\"\" srcset=\"https:\/\/www.garciahamilton.com.ar\/wp-content\/uploads\/2025\/09\/IMG_4996-scaled.jpg 1707w, https:\/\/www.garciahamilton.com.ar\/wp-content\/uploads\/2025\/09\/IMG_4996-200x300.jpg 200w, https:\/\/www.garciahamilton.com.ar\/wp-content\/uploads\/2025\/09\/IMG_4996-683x1024.jpg 683w, https:\/\/www.garciahamilton.com.ar\/wp-content\/uploads\/2025\/09\/IMG_4996-768x1152.jpg 768w, https:\/\/www.garciahamilton.com.ar\/wp-content\/uploads\/2025\/09\/IMG_4996-1024x1536.jpg 1024w, https:\/\/www.garciahamilton.com.ar\/wp-content\/uploads\/2025\/09\/IMG_4996-1365x2048.jpg 1365w, https:\/\/www.garciahamilton.com.ar\/wp-content\/uploads\/2025\/09\/IMG_4996-600x900.jpg 600w\" sizes=\"(max-width: 1707px) 100vw, 1707px\" \/>\t\t\t\t\t\t\t\t\t\t\t\t\t\t\t<\/div>\n\t\t\t\t<div class=\"elementor-element elementor-element-7c76076 elementor-hidden-tablet elementor-hidden-mobile elementor-widget elementor-widget-tx_heading elh-el tx_heading\" data-id=\"7c76076\" data-element_type=\"widget\" data-settings=\"{&quot;design_style&quot;:&quot;style_2&quot;}\" data-widget_type=\"tx_heading.default\">\n\t\t\t\t<div class=\"elementor-widget-container\">\n\t\t\t\t\t<div class=\"tx-heading-section lw-features-1-wrap position-relative\">\r\n        <h6 class=\"lw-subtitle-1 tx-subTitle\">\r\n                                    <i aria-hidden=\"true\" class=\"fas fa-check\"><\/i>                    \r\n            <\/h6>\r\n        <h3 class=\"tx-title lw-sec-title-1 lw-split-3\">Academic origins, professional projection<\/h3>\r\n    <\/div>\t\t\t\t<\/div>\n\t\t\t\t<\/div>\n\t\t\t\t<div class=\"elementor-element elementor-element-b86c8c3 elementor-widget elementor-widget-text-editor\" data-id=\"b86c8c3\" data-element_type=\"widget\" data-widget_type=\"text-editor.default\">\n\t\t\t\t\t\t\t\t\t<p>Garc\u00eda Hamilton Abogados was born from the alliance of two highly regarded jurists: Jos\u00e9 Ignacio Garc\u00eda Hamilton and Salvador Mar\u00eda Lozada. From the outset, the firm combined professional practice with academic thought, fostering a legal culture that prioritizes rigorous analysis, client focus, and institutional sensitivity.<\/p>\t\t\t\t\t\t\t\t<\/div>\n\t\t\t\t<\/div>\n\t\t<div class=\"elementor-element elementor-element-090794b e-con-full e-flex elementor-invisible e-con e-child\" data-id=\"090794b\" data-element_type=\"container\" data-settings=\"{&quot;animation&quot;:&quot;fadeInUp&quot;}\">\n\t\t\t\t<div class=\"elementor-element elementor-element-f0bcece elementor-hidden-tablet elementor-hidden-mobile elementor-widget elementor-widget-tx_image_box elh-el tx_image_box\" data-id=\"f0bcece\" data-element_type=\"widget\" data-settings=\"{&quot;design_style&quot;:&quot;style_4&quot;,&quot;image_1&quot;:{&quot;url&quot;:&quot;https:\\\/\\\/www.garciahamilton.com.ar\\\/wp-content\\\/uploads\\\/2025\\\/09\\\/IMG_4996-scaled.jpg&quot;,&quot;id&quot;:7657,&quot;size&quot;:&quot;&quot;,&quot;alt&quot;:&quot;&quot;,&quot;source&quot;:&quot;library&quot;}}\" data-widget_type=\"tx_image_box.default\">\n\t\t\t\t<div class=\"elementor-widget-container\">\n\t\t\t\t\t<div class=\"pf-services-details-gallery\">\r\n<div class=\"gallery-img wa-fix wa-img-cover\">\r\n    <img decoding=\"async\"\r\n    src=\"https:\/\/www.garciahamilton.com.ar\/wp-content\/uploads\/2025\/09\/IMG_4996-scaled.jpg\"\r\n    alt=\"IMG_4996\">\r\n    <\/div>\r\n<\/div>\t\t\t\t<\/div>\n\t\t\t\t<\/div>\n\t\t\t\t<\/div>\n\t\t\t\t\t<\/div>\n\t\t\t\t<\/div>\n\t\t<div class=\"elementor-element elementor-element-f92a2b3 e-flex e-con-boxed e-con e-parent\" data-id=\"f92a2b3\" data-element_type=\"container\">\n\t\t\t\t\t<div class=\"e-con-inner\">\n\t\t<div class=\"elementor-element elementor-element-4aca3fa e-con-full e-flex e-con e-child\" data-id=\"4aca3fa\" data-element_type=\"container\">\n\t\t\t\t<div class=\"elementor-element elementor-element-589527e elementor-widget elementor-widget-tx_heading elh-el tx_heading\" data-id=\"589527e\" data-element_type=\"widget\" data-settings=\"{&quot;design_style&quot;:&quot;style_2&quot;}\" data-widget_type=\"tx_heading.default\">\n\t\t\t\t<div class=\"elementor-widget-container\">\n\t\t\t\t\t<div class=\"tx-heading-section lw-features-1-wrap position-relative\">\r\n        <h6 class=\"lw-subtitle-1 tx-subTitle\">\r\n                                    <i aria-hidden=\"true\" class=\"fas fa-check\"><\/i>                    \r\n            <\/h6>\r\n        <h3 class=\"tx-title lw-sec-title-1 lw-split-3\">Continuity and transformation<\/h3>\r\n    <\/div>\t\t\t\t<\/div>\n\t\t\t\t<\/div>\n\t\t\t\t<div class=\"elementor-element elementor-element-8898c09 elementor-widget elementor-widget-text-editor\" data-id=\"8898c09\" data-element_type=\"widget\" data-widget_type=\"text-editor.default\">\n\t\t\t\t\t\t\t\t\tThe firm's management then passed to Dr. Bernab\u00e9 Garc\u00eda Hamilton, marking the beginning of a new era with a greater focus on corporate clients. The addition of Dr. Pablo O. Bergthal in 2008 brought a business perspective without abandoning the firm's boutique character. His distinctive motto encapsulates the firm's philosophy of personalized service:\n<i><strong>We treat companies as if they we're individuales and individuales as if they we're companies.<\/i><\/strong><br><br>\nIn 2013, Dr. Eduardo Ren\u00e9 Stordeur joined the board as of counsel, strengthening the academic and technical profile with his recognized career as a national judge and academic.\n\t\t\t\t\t\t\t\t<\/div>\n\t\t\t\t<\/div>\n\t\t<div class=\"elementor-element elementor-element-374b0f0 e-con-full e-flex e-con e-child\" data-id=\"374b0f0\" data-element_type=\"container\">\n\t\t\t\t<div class=\"elementor-element elementor-element-b10ef99 elementor-widget elementor-widget-image\" data-id=\"b10ef99\" data-element_type=\"widget\" data-widget_type=\"image.default\">\n\t\t\t\t\t\t\t\t\t\t\t\t\t\t\t<img decoding=\"async\" width=\"2560\" height=\"1707\" src=\"https:\/\/www.garciahamilton.com.ar\/wp-content\/uploads\/2025\/09\/IMG_5103-scaled.jpg\" class=\"attachment-full size-full wp-image-8348\" alt=\"\" srcset=\"https:\/\/www.garciahamilton.com.ar\/wp-content\/uploads\/2025\/09\/IMG_5103-scaled.jpg 2560w, https:\/\/www.garciahamilton.com.ar\/wp-content\/uploads\/2025\/09\/IMG_5103-300x200.jpg 300w, https:\/\/www.garciahamilton.com.ar\/wp-content\/uploads\/2025\/09\/IMG_5103-1024x683.jpg 1024w, https:\/\/www.garciahamilton.com.ar\/wp-content\/uploads\/2025\/09\/IMG_5103-768x512.jpg 768w, https:\/\/www.garciahamilton.com.ar\/wp-content\/uploads\/2025\/09\/IMG_5103-1536x1024.jpg 1536w, https:\/\/www.garciahamilton.com.ar\/wp-content\/uploads\/2025\/09\/IMG_5103-2048x1365.jpg 2048w, https:\/\/www.garciahamilton.com.ar\/wp-content\/uploads\/2025\/09\/IMG_5103-600x400.jpg 600w\" sizes=\"(max-width: 2560px) 100vw, 2560px\" \/>\t\t\t\t\t\t\t\t\t\t\t\t\t\t\t<\/div>\n\t\t\t\t<\/div>\n\t\t\t\t\t<\/div>\n\t\t\t\t<\/div>\n\t\t<div class=\"elementor-element elementor-element-f5c791d elementor-hidden-desktop e-flex e-con-boxed e-con e-parent\" data-id=\"f5c791d\" data-element_type=\"container\">\n\t\t\t\t\t<div class=\"e-con-inner\">\n\t\t\t\t<div class=\"elementor-element elementor-element-71b970c elementor-hidden-desktop elementor-widget elementor-widget-heading\" data-id=\"71b970c\" data-element_type=\"widget\" data-widget_type=\"heading.default\">\n\t\t\t\t\t<h2 class=\"elementor-heading-title elementor-size-default\">New generation, global vision<\/h2>\t\t\t\t<\/div>\n\t\t\t\t<div class=\"elementor-element elementor-element-35b1073 elementor-widget elementor-widget-text-editor\" data-id=\"35b1073\" data-element_type=\"widget\" data-widget_type=\"text-editor.default\">\n\t\t\t\t\t\t\t\t\t<p>En 2017, el Estudio recuper\u00f3 su nombre original: Garcia Hamilton, reflejando un nuevo ciclo de consolidaci\u00f3n institucional. Se incorporaron como socios Manuel Garcia Hamilton, Santiago D\u2019Eramo y Vanesa Gianfelice, reafirmando una cultura de excelencia, formaci\u00f3n continua y cercan\u00eda profesional.<\/p><p>In 2021, Dr. Eduardo Stordeur (Jr.), PhD in Law (UBA), professor at UTDT and the UBA, and former member of the National Commission for the Defense of Competition, joined the firm. His experience in economic regulation, competition defense, and interdisciplinary environments brings a comparative and contemporary perspective to the firm's practice.<\/p>\t\t\t\t\t\t\t\t<\/div>\n\t\t\t\t\t<\/div>\n\t\t\t\t<\/div>\n\t\t<div class=\"elementor-element elementor-element-5553fe7 elementor-hidden-tablet elementor-hidden-mobile e-flex e-con-boxed e-con e-parent\" data-id=\"5553fe7\" data-element_type=\"container\">\n\t\t\t\t\t<div class=\"e-con-inner\">\n\t\t<div class=\"elementor-element elementor-element-c008a49 e-con-full e-flex e-con e-child\" data-id=\"c008a49\" data-element_type=\"container\">\n\t\t\t\t<div class=\"elementor-element elementor-element-5bfcc99 elementor-widget elementor-widget-tx_heading elh-el tx_heading\" data-id=\"5bfcc99\" data-element_type=\"widget\" data-settings=\"{&quot;design_style&quot;:&quot;style_2&quot;}\" data-widget_type=\"tx_heading.default\">\n\t\t\t\t<div class=\"elementor-widget-container\">\n\t\t\t\t\t<div class=\"tx-heading-section lw-features-1-wrap position-relative\">\r\n        <h6 class=\"lw-subtitle-1 tx-subTitle\">\r\n                                    <i aria-hidden=\"true\" class=\"fas fa-check\"><\/i>                    \r\n            <\/h6>\r\n        <h3 class=\"tx-title lw-sec-title-1 lw-split-3\">New generation, global vision<\/h3>\r\n    <\/div>\t\t\t\t<\/div>\n\t\t\t\t<\/div>\n\t\t\t\t<div class=\"elementor-element elementor-element-c6baeba elementor-widget elementor-widget-text-editor\" data-id=\"c6baeba\" data-element_type=\"widget\" data-widget_type=\"text-editor.default\">\n\t\t\t\t\t\t\t\t\tIn 2017, the firm returned to its original name: Garc\u00eda Hamilton Abogados , reflecting a new cycle of institutional consolidation. Manuel Garc\u00eda Hamilton, Santiago D'Eramo, and Vanesa Gianfelice joined as partners, reaffirming a culture of excellence, ongoing training, and professional approachability.<br><br>\nIn 2021, Dr. Eduardo Stordeur (Jr.), PhD in Law (UBA), professor at UTDT and the UBA, and former member of the National Commission for the Defense of Competition, joined the firm. His experience in economic regulation, competition defense, and interdisciplinary environments brings a comparative and contemporary perspective to the firm's practice.\n\t\t\t\t\t\t\t\t<\/div>\n\t\t\t\t<\/div>\n\t\t\t\t\t<\/div>\n\t\t\t\t<\/div>\n\t\t<div class=\"elementor-element elementor-element-e105c6f e-flex e-con-boxed e-con e-parent\" data-id=\"e105c6f\" data-element_type=\"container\">\n\t\t\t\t\t<div class=\"e-con-inner\">\n\t\t<div class=\"elementor-element elementor-element-4d1835c e-con-full e-flex e-con e-child\" data-id=\"4d1835c\" data-element_type=\"container\">\n\t\t\t\t<div class=\"elementor-element elementor-element-0605795 elementor-widget elementor-widget-tx_heading elh-el tx_heading\" data-id=\"0605795\" data-element_type=\"widget\" data-settings=\"{&quot;design_style&quot;:&quot;style_2&quot;}\" data-widget_type=\"tx_heading.default\">\n\t\t\t\t<div class=\"elementor-widget-container\">\n\t\t\t\t\t<div class=\"tx-heading-section lw-features-1-wrap position-relative\">\r\n        <h6 class=\"lw-subtitle-1 tx-subTitle\">\r\n                                    <i aria-hidden=\"true\" class=\"fas fa-check\"><\/i>                    \r\n            <\/h6>\r\n        <h3 class=\"tx-title lw-sec-title-1 lw-split-3\">Today<\/h3>\r\n    <\/div>\t\t\t\t<\/div>\n\t\t\t\t<\/div>\n\t\t\t\t<div class=\"elementor-element elementor-element-88bae3c elementor-widget elementor-widget-text-editor\" data-id=\"88bae3c\" data-element_type=\"widget\" data-widget_type=\"text-editor.default\">\n\t\t\t\t\t\t\t\t\tGarc\u00eda Hamilton Abogados is a well-established firm with a clear legal identity and deep institutional roots. Its team combines international training, academic expertise, and practical experience in complex matters, both locally and internationally.<br><br>\nThe legacy of Dr. Jos\u00e9 Ignacio Garc\u00eda Hamilton remains present in each of our decisions: \nunderstanding the law as a tool to build trust, resolving conflicts with legal depth, and acting with civic responsibility.\n\n\t\t\t\t\t\t\t\t<\/div>\n\t\t\t\t<\/div>\n\t\t<div class=\"elementor-element elementor-element-100be97 e-con-full e-flex e-con e-child\" data-id=\"100be97\" data-element_type=\"container\">\n\t\t\t\t<div class=\"elementor-element elementor-element-cc9e32e elementor-widget elementor-widget-image\" data-id=\"cc9e32e\" data-element_type=\"widget\" data-widget_type=\"image.default\">\n\t\t\t\t\t\t\t\t\t\t\t\t\t\t\t<img decoding=\"async\" width=\"2560\" height=\"1707\" src=\"https:\/\/www.garciahamilton.com.ar\/wp-content\/uploads\/2025\/09\/IMG_5073-scaled.jpg\" class=\"attachment-full size-full wp-image-7450\" alt=\"\" srcset=\"https:\/\/www.garciahamilton.com.ar\/wp-content\/uploads\/2025\/09\/IMG_5073-scaled.jpg 2560w, https:\/\/www.garciahamilton.com.ar\/wp-content\/uploads\/2025\/09\/IMG_5073-300x200.jpg 300w, https:\/\/www.garciahamilton.com.ar\/wp-content\/uploads\/2025\/09\/IMG_5073-1024x683.jpg 1024w, https:\/\/www.garciahamilton.com.ar\/wp-content\/uploads\/2025\/09\/IMG_5073-768x512.jpg 768w, https:\/\/www.garciahamilton.com.ar\/wp-content\/uploads\/2025\/09\/IMG_5073-1536x1024.jpg 1536w, https:\/\/www.garciahamilton.com.ar\/wp-content\/uploads\/2025\/09\/IMG_5073-2048x1365.jpg 2048w, https:\/\/www.garciahamilton.com.ar\/wp-content\/uploads\/2025\/09\/IMG_5073-600x400.jpg 600w\" sizes=\"(max-width: 2560px) 100vw, 2560px\" \/>\t\t\t\t\t\t\t\t\t\t\t\t\t\t\t<\/div>\n\t\t\t\t<\/div>\n\t\t\t\t\t<\/div>\n\t\t\t\t<\/div>\n\t\t\t\t<\/div>","protected":false},"excerpt":{"rendered":"<p>Historia del estudio Or\u00edgenes acad\u00e9micos, proyecci\u00f3n profesional Garcia Hamilton naci\u00f3 de la alianza entre dos juristas de gran prestigio: Jos\u00e9 Ignacio Garcia Hamilton y Salvador Mar\u00eda Lozada. Desde el inicio, el Estudio combin\u00f3 pr\u00e1ctica profesional con pensamiento acad\u00e9mico, anticipando una cultura jur\u00eddica que prioriza el an\u00e1lisis riguroso, la orientaci\u00f3n al cliente y la sensibilidad institucional. [&hellip;]<\/p>","protected":false},"author":2,"featured_media":0,"parent":0,"menu_order":0,"comment_status":"closed","ping_status":"closed","template":"elementor_header_footer","meta":{"inline_featured_image":false,"footnotes":""},"class_list":["post-7384","page","type-page","status-publish","hentry"],"_links":{"self":[{"href":"https:\/\/www.garciahamilton.com.ar\/en\/wp-json\/wp\/v2\/pages\/7384","targetHints":{"allow":["GET"]}}],"collection":[{"href":"https:\/\/www.garciahamilton.com.ar\/en\/wp-json\/wp\/v2\/pages"}],"about":[{"href":"https:\/\/www.garciahamilton.com.ar\/en\/wp-json\/wp\/v2\/types\/page"}],"author":[{"embeddable":true,"href":"https:\/\/www.garciahamilton.com.ar\/en\/wp-json\/wp\/v2\/users\/2"}],"replies":[{"embeddable":true,"href":"https:\/\/www.garciahamilton.com.ar\/en\/wp-json\/wp\/v2\/comments?post=7384"}],"version-history":[{"count":162,"href":"https:\/\/www.garciahamilton.com.ar\/en\/wp-json\/wp\/v2\/pages\/7384\/revisions"}],"predecessor-version":[{"id":9069,"href":"https:\/\/www.garciahamilton.com.ar\/en\/wp-json\/wp\/v2\/pages\/7384\/revisions\/9069"}],"wp:attachment":[{"href":"https:\/\/www.garciahamilton.com.ar\/en\/wp-json\/wp\/v2\/media?parent=7384"}],"curies":[{"name":"wp","href":"https:\/\/api.w.org\/{rel}","templated":true}]}}