{"id":8058,"date":"2025-09-10T14:35:41","date_gmt":"2025-09-10T14:35:41","guid":{"rendered":"https:\/\/lucholacanna.com.ar\/garciahamilton\/?page_id=8058"},"modified":"2025-09-10T15:36:41","modified_gmt":"2025-09-10T15:36:41","slug":"terminos","status":"publish","type":"page","link":"https:\/\/www.garciahamilton.com.ar\/en\/terminos\/","title":{"rendered":"Terminos y condiciones"},"content":{"rendered":"<div data-elementor-type=\"wp-page\" data-elementor-id=\"8058\" class=\"elementor elementor-8058\">\n\t\t\t\t\t\t<section class=\"elementor-section elementor-top-section elementor-element elementor-element-bf1724c elementor-section-full_width elementor-section-height-default elementor-section-height-default\" data-id=\"bf1724c\" data-element_type=\"section\" data-settings=\"{&quot;background_background&quot;:&quot;classic&quot;}\">\n\t\t\t\t\t\t\t<div class=\"elementor-background-overlay\"><\/div>\n\t\t\t\t\t\t\t<div class=\"elementor-container elementor-column-gap-default\">\n\t\t\t\t\t<div class=\"elementor-column elementor-col-100 elementor-top-column elementor-element elementor-element-cf8d64f\" data-id=\"cf8d64f\" data-element_type=\"column\">\n\t\t\t<div class=\"elementor-widget-wrap elementor-element-populated\">\n\t\t\t\t\t\t<section class=\"elementor-section elementor-inner-section elementor-element elementor-element-147c500 elementor-section-boxed elementor-section-height-default elementor-section-height-default\" data-id=\"147c500\" data-element_type=\"section\">\n\t\t\t\t\t\t<div class=\"elementor-container elementor-column-gap-default\">\n\t\t\t\t\t<div class=\"elementor-column elementor-col-100 elementor-inner-column elementor-element elementor-element-643b354\" data-id=\"643b354\" data-element_type=\"column\">\n\t\t\t<div class=\"elementor-widget-wrap elementor-element-populated\">\n\t\t\t\t\t\t<div class=\"elementor-element elementor-element-7c6d341 elementor-widget elementor-widget-tx_heading elh-el tx_heading\" data-id=\"7c6d341\" data-element_type=\"widget\" data-settings=\"{&quot;design_style&quot;:&quot;style_1&quot;}\" data-widget_type=\"tx_heading.default\">\n\t\t\t\t<div class=\"elementor-widget-container\">\n\t\t\t\t\t<div class=\"tx-heading-section lw-features-1-wrap position-relative text-center\">\r\n        <h2 class=\"lw-sec-big-title tx-big-title lw-split-1 w-100\"><\/h2>\r\n    \r\n        <h6 class=\"lw-subtitle-1 tx-subTitle\">\r\n        \r\n            <\/h6>\r\n        <h4 class=\"tx-title lw-sec-title-1 lw-split-2\">T\u00e9rminos y condiciones<\/h4>\r\n    <\/div>\t\t\t\t<\/div>\n\t\t\t\t<\/div>\n\t\t\t\t\t<\/div>\n\t\t<\/div>\n\t\t\t\t\t<\/div>\n\t\t<\/section>\n\t\t\t\t\t<\/div>\n\t\t<\/div>\n\t\t\t\t\t<\/div>\n\t\t<\/section>\n\t\t<div class=\"elementor-element elementor-element-d297697 e-flex e-con-boxed e-con e-parent\" data-id=\"d297697\" data-element_type=\"container\">\n\t\t\t\t\t<div class=\"e-con-inner\">\n\t\t\t\t<div class=\"elementor-element elementor-element-b7364c0 elementor-widget elementor-widget-text-editor\" data-id=\"b7364c0\" data-element_type=\"widget\" data-widget_type=\"text-editor.default\">\n\t\t\t\t\t\t\t\t\tGarc\u00eda Hamilton (en adelante, el \u201cEstudio\u201d) pone a disposici\u00f3n del p\u00fablico materiales informativos en esta p\u00e1gina web, incluyendo publicaciones, art\u00edculos, boletines, presentaciones y dem\u00e1s contenidos jur\u00eddicos o institucionales (en conjunto, los \u201cMateriales\u201d).<br><br>\nEl acceso y uso de dichos Materiales se encuentra sujeto a los siguientes t\u00e9rminos y condiciones. Le solicitamos que los lea detenidamente antes de continuar navegando.<br><br>\n1.\t<strong>Car\u00e1cter informativo<\/strong><br>\nLos Materiales tienen fines meramente informativos y no constituyen asesoramiento legal, ni crean relaci\u00f3n profesional o abogado-cliente alguna.<br>\n2.\t<strong>Limitaci\u00f3n de responsabilidad<\/strong><br>\nEl Estudio no asume responsabilidad alguna por decisiones que se adopten en funci\u00f3n de los Materiales ni por da\u00f1os que pudieran derivarse de su uso, ya sea por parte de los usuarios o de terceros.<br>\n3.\t<strong>Actualizaci\u00f3n y fuentes<\/strong><br>\nLas fuentes y datos citados en los Materiales corresponden a la fecha de su publicaci\u00f3n, y podr\u00edan no reflejar cambios normativos posteriores.<br>\n4.\t<strong>Propiedad intelectual<\/strong><br>\nTodos los derechos de autor, marcas registradas y dem\u00e1s derechos de propiedad intelectual sobre los Materiales corresponden exclusivamente al Estudio. Queda prohibida su reproducci\u00f3n, distribuci\u00f3n, modificaci\u00f3n o uso con fines comerciales sin autorizaci\u00f3n previa y por escrito.<br>\n5.\t<strong>Usos no permitidos<\/strong><br>\nUsted se compromete a no utilizar los Materiales con fines il\u00edcitos, ni de forma tal que pudiera afectar la reputaci\u00f3n del Estudio o vulnerar derechos de terceros.<br>\n6.\t<strong>Exclusiones legales<\/strong><br>\nNada de lo dispuesto en estos t\u00e9rminos limita o excluye responsabilidad alguna en caso de fraude, dolo o cualquier otra circunstancia cuya exclusi\u00f3n no est\u00e9 permitida por la legislaci\u00f3n aplicable.<br>\n7.\t<strong>Ley aplicable<\/strong><br>\nEstos t\u00e9rminos se regir\u00e1n e interpretar\u00e1n conforme a las leyes de la Rep\u00fablica Argentina, sin perjuicio de normas de derecho internacional privado que pudieran resultar aplicables.<br><br>\n\u00daltima actualizaci\u00f3n: 07 de agosto del 2025\n\t\t\t\t\t\t\t\t<\/div>\n\t\t\t\t\t<\/div>\n\t\t\t\t<\/div>\n\t\t\t\t<\/div>","protected":false},"excerpt":{"rendered":"<p>T\u00e9rminos y condiciones Garc\u00eda Hamilton (en adelante, el \u201cEstudio\u201d) pone a disposici\u00f3n del p\u00fablico materiales informativos en esta p\u00e1gina web, incluyendo publicaciones, art\u00edculos, boletines, presentaciones y dem\u00e1s contenidos jur\u00eddicos o institucionales (en conjunto, los \u201cMateriales\u201d). El acceso y uso de dichos Materiales se encuentra sujeto a los siguientes t\u00e9rminos y condiciones. Le solicitamos que los [&hellip;]<\/p>","protected":false},"author":2,"featured_media":0,"parent":0,"menu_order":0,"comment_status":"closed","ping_status":"closed","template":"elementor_header_footer","meta":{"inline_featured_image":false,"footnotes":""},"class_list":["post-8058","page","type-page","status-publish","hentry"],"_links":{"self":[{"href":"https:\/\/www.garciahamilton.com.ar\/en\/wp-json\/wp\/v2\/pages\/8058","targetHints":{"allow":["GET"]}}],"collection":[{"href":"https:\/\/www.garciahamilton.com.ar\/en\/wp-json\/wp\/v2\/pages"}],"about":[{"href":"https:\/\/www.garciahamilton.com.ar\/en\/wp-json\/wp\/v2\/types\/page"}],"author":[{"embeddable":true,"href":"https:\/\/www.garciahamilton.com.ar\/en\/wp-json\/wp\/v2\/users\/2"}],"replies":[{"embeddable":true,"href":"https:\/\/www.garciahamilton.com.ar\/en\/wp-json\/wp\/v2\/comments?post=8058"}],"version-history":[{"count":7,"href":"https:\/\/www.garciahamilton.com.ar\/en\/wp-json\/wp\/v2\/pages\/8058\/revisions"}],"predecessor-version":[{"id":8089,"href":"https:\/\/www.garciahamilton.com.ar\/en\/wp-json\/wp\/v2\/pages\/8058\/revisions\/8089"}],"wp:attachment":[{"href":"https:\/\/www.garciahamilton.com.ar\/en\/wp-json\/wp\/v2\/media?parent=8058"}],"curies":[{"name":"wp","href":"https:\/\/api.w.org\/{rel}","templated":true}]}}